{"id":449,"date":"2020-08-10T10:18:55","date_gmt":"2020-08-10T10:18:55","guid":{"rendered":"https:\/\/embudek.com\/dispositivo\/"},"modified":"2021-10-26T11:32:51","modified_gmt":"2021-10-26T11:32:51","slug":"urzadzenie","status":"publish","type":"page","link":"https:\/\/embudek.com\/pl\/urzadzenie\/","title":{"rendered":"Urz\u0105dzenie"},"content":{"rendered":"<div class=\"wpb-content-wrapper\">[vc_row content_placement=&#8221;middle&#8221; css=&#8221;.vc_custom_1597227763263{padding-top: 3% !important;padding-right: 12% !important;padding-left: 12% !important;}&#8221;][vc_column width=&#8221;1\/2&#8243;][vc_column_text css_animation=&#8221;fadeInLeft&#8221;]\n<h1><b>Opis Embudek<\/b><\/h1>\n[\/vc_column_text][vc_separator color=&#8221;green&#8221; align=&#8221;align_left&#8221; border_width=&#8221;3&#8243; el_width=&#8221;40&#8243; css_animation=&#8221;fadeInLeft&#8221;][vc_column_text css_animation=&#8221;fadeInLeft&#8221;]EMBUDEK ma 10 cm. \u015brednicy i 8 cm. wysoko\u015bci. Sk\u0142ada si\u0119 z czterech cz\u0119\u015bci wykonanych z materia\u0142u odpornego na wysokie temperatury osi\u0105gane przez sma\u017cone t\u0142uszcze.<br \/>\nUrz\u0105dzenie posiada nowoczesny \/ innowatorski design i r\u00f3\u017cne kolory pokrywki, kt\u00f3re mo\u017cna dopasowa\u0107 estetycznie do ka\u017cdego stylu kuchni.<br \/>\nEMBUDEK mo\u017ce by\u0107 zamontowany w blacie kuchennym lub wewn\u0105trz szafki za pomoc\u0105 ruchomego ramienia.<br \/>\nSystem lejka pozwala na podpi\u0105cie do niego r\u00f3\u017cnego rodzaju s\u0142oik\u00f3w szklanych (cztery rodzaje), a nawet plastikowych butelek do zlewania zu\u017cytego oleju. Nape\u0142niony s\u0142oik lub butelk\u0119 nale\u017cy odda\u0107 do punkt\u00f3w wyznaczonych do reutylizacji tego odpadu. Bez w\u0105tpienia jest to pro-ekologiczny ruch na rzecz \u015brodowiska polegaj\u0105cy na: Redukcji, Reutylizacji i Recyklingu.<br \/>\nProjekt zosta\u0142 opatentowany w Hiszpa\u0144skim Urz\u0119dzie Patent\u00f3w i Znak\u00f3w Towarowych pod numerem: <a href=\"https:\/\/embudek.com\/wp-content\/uploads\/2020\/08\/Certificado_patente.pdf\" target=\"_blank\" rel=\"noopener noreferrer\">ES1222161 (certyfikat)<\/a>[\/vc_column_text][\/vc_column][vc_column width=&#8221;1\/2&#8243;][vc_single_image image=&#8221;454&#8243; img_size=&#8221;full&#8221; alignment=&#8221;center&#8221; css_animation=&#8221;fadeInRight&#8221;][\/vc_column][\/vc_row][vc_row content_placement=&#8221;middle&#8221; css=&#8221;.vc_custom_1598002354113{padding-top: 12px !important;padding-right: 12% !important;padding-bottom: 6% !important;padding-left: 12% !important;}&#8221;][vc_column width=&#8221;1\/3&#8243;][vc_empty_space][vc_empty_space][vc_column_text css_animation=&#8221;fadeIn&#8221;]<img loading=\"lazy\" decoding=\"async\" class=\"alignnone wp-image-456 size-full\" src=\"https:\/\/embudek.com\/wp-content\/uploads\/2020\/08\/sarten-aceite-embudek.gif\" alt=\"\" width=\"480\" height=\"270\" \/>[\/vc_column_text][vc_empty_space height=&#8221;12px&#8221;][vc_column_text css_animation=&#8221;fadeIn&#8221;]<img loading=\"lazy\" decoding=\"async\" class=\"alignnone wp-image-455 size-full\" src=\"https:\/\/embudek.com\/wp-content\/uploads\/2020\/08\/brazo-embudek.gif\" alt=\"\" width=\"480\" height=\"270\" \/>[\/vc_column_text][vc_empty_space height=&#8221;12px&#8221;][vc_column_text css_animation=&#8221;fadeIn&#8221;]<img loading=\"lazy\" decoding=\"async\" class=\"alignnone wp-image-455 size-full\" src=\"https:\/\/embudek.com\/wp-content\/uploads\/2020\/08\/enganche-brazo.gif\" alt=\"\" width=\"480\" height=\"270\" \/>[\/vc_column_text][vc_empty_space height=&#8221;12px&#8221;][vc_column_text]<img loading=\"lazy\" decoding=\"async\" class=\"alignnone size-full wp-image-458\" src=\"https:\/\/embudek.com\/wp-content\/uploads\/2020\/08\/botes-embudek.gif\" alt=\"\" width=\"480\" height=\"270\" \/>[\/vc_column_text][\/vc_column][vc_column css_animation=&#8221;fadeInRight&#8221; width=&#8221;2\/3&#8243; css=&#8221;.vc_custom_1597423623337{padding-left: 10% !important;}&#8221;][vc_column_text css_animation=&#8221;none&#8221;]\n<h1>Cele<\/h1>\n[\/vc_column_text][vc_separator color=&#8221;green&#8221; align=&#8221;align_left&#8221; border_width=&#8221;3&#8243; el_width=&#8221;30&#8243; css_animation=&#8221;none&#8221;][info_list_father listwidth=&#8221;3&#8243; listclr=&#8221;#8bb63c&#8221;][info_list_son style=&#8221;icon&#8221; width=&#8221;50&#8243; height=&#8221;50&#8243; titlesize=&#8221;14&#8243; titleclr=&#8221;#000000&#8243; icon=&#8221;fas fa-check&#8221; iconbg=&#8221;#ff5800&#8243; title=&#8221;Wyeliminowanie \u201cukrytej\u201d, \u201ccichej\u201d a przede wszystkim niew\u0142a\u015bciwej eliminacji zu\u017cytego oleju w gospodarstwach domowych&#8221;][\/info_list_son][info_list_son style=&#8221;icon&#8221; width=&#8221;50&#8243; height=&#8221;50&#8243; titlesize=&#8221;14&#8243; titleclr=&#8221;#000000&#8243; icon=&#8221;fas fa-check&#8221; iconbg=&#8221;#ff5800&#8243; title=&#8221;Ograniczenie obecno\u015bci tego silnie zanieczyszczaj\u0105cego odpadu w sieci kanalizacyjne&#8221;][\/info_list_son][info_list_son style=&#8221;icon&#8221; width=&#8221;50&#8243; height=&#8221;50&#8243; titlesize=&#8221;14&#8243; titleclr=&#8221;#000000&#8243; icon=&#8221;fas fa-check&#8221; iconbg=&#8221;#ff5800&#8243; title=&#8221;Udra\u017cnianie rur kanalizacyjnych&#8221;][\/info_list_son][info_list_son style=&#8221;icon&#8221; width=&#8221;50&#8243; height=&#8221;50&#8243; titlesize=&#8221;14&#8243; titleclr=&#8221;#000000&#8243; icon=&#8221;fas fa-check&#8221; iconbg=&#8221;#ff5800&#8243; title=&#8221;Zneutralizowanie przykrych zapach\u00f3w z syfon\u00f3w i rur \u015bciekowych&#8221;][\/info_list_son][info_list_son style=&#8221;icon&#8221; width=&#8221;50&#8243; height=&#8221;50&#8243; titlesize=&#8221;14&#8243; titleclr=&#8221;#000000&#8243; icon=&#8221;fas fa-check&#8221; iconbg=&#8221;#ff5800&#8243; title=&#8221;Ograniczenie bardzo wysokich koszt\u00f3w oczyszczania kanalizacji przy u\u017cyciu du\u017cej ilo\u015bci wody i chemikali\u00f3w&#8221;][\/info_list_son][info_list_son style=&#8221;icon&#8221; width=&#8221;50&#8243; height=&#8221;50&#8243; titlesize=&#8221;14&#8243; titleclr=&#8221;#000000&#8243; icon=&#8221;fas fa-check&#8221; iconbg=&#8221;#ff5800&#8243; title=&#8221;U\u0142atwienie procesu oczyszczania \u015bciek\u00f3w a tym samym obni\u017cenie koszt\u00f3w tego procesu&#8221;][\/info_list_son][info_list_son style=&#8221;icon&#8221; width=&#8221;50&#8243; height=&#8221;50&#8243; titlesize=&#8221;14&#8243; titleclr=&#8221;#000000&#8243; icon=&#8221;fas fa-check&#8221; iconbg=&#8221;#ff5800&#8243; title=&#8221;Ograniczenie rozprzestrzeniania si\u0119 w kanalizacji organizm\u00f3w i substancji szkodliwych dla zdrowia&#8221;][\/info_list_son][info_list_son style=&#8221;icon&#8221; width=&#8221;50&#8243; height=&#8221;50&#8243; titlesize=&#8221;14&#8243; titleclr=&#8221;#000000&#8243; icon=&#8221;fas fa-check&#8221; iconbg=&#8221;#ff5800&#8243; title=&#8221;Troska o zasoby czystej wody naszej planety&#8221;][\/info_list_son][info_list_son style=&#8221;icon&#8221; width=&#8221;50&#8243; height=&#8221;50&#8243; titlesize=&#8221;14&#8243; titleclr=&#8221;#000000&#8243; icon=&#8221;fas fa-check&#8221; iconbg=&#8221;#ff5800&#8243; title=&#8221;Pomoc w realizacji cel\u00f3w w zakresie ochrony \u015brodowiska&#8221;][\/info_list_son][info_list_son style=&#8221;icon&#8221; width=&#8221;50&#8243; height=&#8221;50&#8243; titlesize=&#8221;14&#8243; titleclr=&#8221;#000000&#8243; icon=&#8221;fas fa-check&#8221; iconbg=&#8221;#ff5800&#8243; title=&#8221;Wsp\u00f3\u0142praca przy produkcji biopaliw&#8221;][\/info_list_son][\/info_list_father][\/vc_column][\/vc_row][vc_column width=&#8221;1\/2&#8243;][\/vc_column]\n<\/div>","protected":false},"excerpt":{"rendered":"[vc_row content_placement=&#8221;middle&#8221; css=&#8221;.vc_custom_1597227763263{padding-top: 3% !important;padding-right: 12% !important;padding-left: 12% !important;}&#8221;][vc_column width=&#8221;1\/2&#8243;][vc_column_text css_animation=&#8221;fadeInLeft&#8221;] Opis Embudek [\/vc_column_text][vc_separator color=&#8221;green&#8221; align=&#8221;align_left&#8221; border_width=&#8221;3&#8243; el_width=&#8221;40&#8243; css_animation=&#8221;fadeInLeft&#8221;][vc_column_text css_animation=&#8221;fadeInLeft&#8221;]EMBUDEK ma 10 cm. \u015brednicy i 8 cm. wysoko\u015bci. Sk\u0142ada si\u0119 z czterech cz\u0119\u015bci wykonanych z materia\u0142u odpornego na wysokie temperatury osi\u0105gane przez sma\u017cone t\u0142uszcze. Urz\u0105dzenie posiada nowoczesny \/ innowatorski design i r\u00f3\u017cne kolory pokrywki, kt\u00f3re [&#8230;]\n","protected":false},"author":7,"featured_media":0,"parent":0,"menu_order":0,"comment_status":"closed","ping_status":"closed","template":"page-blank.php","meta":{"footnotes":""},"class_list":["post-449","page","type-page","status-publish","hentry"],"_links":{"self":[{"href":"https:\/\/embudek.com\/pl\/wp-json\/wp\/v2\/pages\/449"}],"collection":[{"href":"https:\/\/embudek.com\/pl\/wp-json\/wp\/v2\/pages"}],"about":[{"href":"https:\/\/embudek.com\/pl\/wp-json\/wp\/v2\/types\/page"}],"author":[{"embeddable":true,"href":"https:\/\/embudek.com\/pl\/wp-json\/wp\/v2\/users\/7"}],"replies":[{"embeddable":true,"href":"https:\/\/embudek.com\/pl\/wp-json\/wp\/v2\/comments?post=449"}],"version-history":[{"count":0,"href":"https:\/\/embudek.com\/pl\/wp-json\/wp\/v2\/pages\/449\/revisions"}],"wp:attachment":[{"href":"https:\/\/embudek.com\/pl\/wp-json\/wp\/v2\/media?parent=449"}],"curies":[{"name":"wp","href":"https:\/\/api.w.org\/{rel}","templated":true}]}}