{"id":464,"date":"2020-08-10T10:19:07","date_gmt":"2020-08-10T10:19:07","guid":{"rendered":"https:\/\/embudek.com\/problematica\/"},"modified":"2024-09-19T15:13:09","modified_gmt":"2024-09-19T15:13:09","slug":"problematyka","status":"publish","type":"page","link":"https:\/\/embudek.com\/pl\/problematyka\/","title":{"rendered":"Problematyka"},"content":{"rendered":"<div class=\"wpb-content-wrapper\">[vc_row content_placement=&#8221;middle&#8221; css=&#8221;.vc_custom_1597227717873{padding-top: 3% !important;padding-right: 12% !important;padding-left: 12% !important;}&#8221;][vc_column width=&#8221;1\/2&#8243;][vc_column_text css_animation=&#8221;fadeInLeft&#8221;]\n<h1>Dwie trzecie zu\u017cytego oleju niestety l\u0105duje w zlewie a tym samym sp\u0142ywa bezpo\u015brednio do sieci kanalizacyjnej.<\/h1>\n[\/vc_column_text][vc_separator color=&#8221;green&#8221; border_width=&#8221;3&#8243; el_width=&#8221;40&#8243; css_animation=&#8221;fadeInLeft&#8221; css=&#8221;&#8221;][vc_column_text css_animation=&#8221;fadeInLeft&#8221;]W Hiszpanii konsumuje si\u0119 ponad 850 milion\u00f3w litr\u00f3w oleju ro\u015blinnego, czyli wed\u0142ug kalkulacji ka\u017cde domostwo generuje oko\u0142o 7 litr\u00f3w tego odpadu na rok. Szacuje si\u0119, i\u017c rocznie ponad 120 milion\u00f3w litr\u00f3w zu\u017cytego oleju jest wylewana bezpo\u015brednio do zlewu lub toalety.<\/p>\n<p>RAUC (Residue of Used Kitchen Oil) zwi\u0119ksza o 30% roczne koszty utrzymania oczyszczalni \u015bciek\u00f3w.<\/p>\n<p>Ilo\u015b\u0107 czystej wody potrzebnej do proces\u00f3w oczyszczania rur \u015bciekowych si\u0119ga milionowych cyfr. W Hiszpanii rocznie wydaje si\u0119 kilka milion\u00f3w euro na sam\u0105 aktywno\u015b\u0107 oczyszczania kana\u0142\u00f3w i rur kanalizacyjnych oraz na uzdatnianie wody, czyli zgodnie z szacunkami ok. 40\u20ac\/rok za ka\u017cde mieszkanie.<br \/>\nDane te potwierdzaj\u0105 istniej\u0105cy problem niekontrolowanego wylewania olej\u00f3w i t\u0142uszcz\u00f3w w domach.[\/vc_column_text][\/vc_column][vc_column css_animation=&#8221;fadeInRight&#8221; width=&#8221;1\/2&#8243;]\n\t\t\t<!-- START video sarten REVOLUTION SLIDER 6.7.17 --><p class=\"rs-p-wp-fix\"><\/p>\n\t\t\t<rs-module-wrap id=\"rev_slider_4_1_wrapper\" data-source=\"gallery\" style=\"visibility:hidden;background:transparent;padding:0;margin:0px auto;margin-top:0;margin-bottom:0;\">\n\t\t\t\t<rs-module id=\"rev_slider_4_1\" style=\"\" data-version=\"6.7.17\">\n\t\t\t\t\t<rs-slides style=\"overflow: hidden; position: absolute;\">\n\t\t\t\t\t\t<rs-slide style=\"position: absolute;\" data-key=\"rs-4\" data-title=\"Slide\" data-anim=\"ms:1000;r:0;\" data-in=\"o:0;\" data-out=\"a:false;\">\n\t\t\t\t\t\t\t<img decoding=\"async\" src=\"\/\/embudek.com\/wp-content\/plugins\/revslider\/sr6\/assets\/assets\/dummy.png\" alt=\"\" title=\"Vertido aceite\" width=\"848\" height=\"480\" class=\"rev-slidebg tp-rs-img rs-lazyload\" data-lazyload=\"\/\/embudek.com\/wp-content\/uploads\/2020\/08\/Vertido-aceite.jpg\" data-no-retina>\n\t\t\t\t\t\t\t<rs-bgvideo \n\t\t\t\t\t\t\t\tdata-video=\"w:100%;h:100%;nse:false;l:true;ptimer:false;vfc:true;\"\n\t\t\t\t\t\t\t\tdata-mp4=\"\/\/embudek.com\/wp-content\/uploads\/2020\/08\/Vertido-aceite_embudek.mp4\"\n\t\t\t\t\t\t\t><\/rs-bgvideo>\n<!---->\t\t\t\t\t<\/rs-slide>\n\t\t\t\t\t<\/rs-slides>\n\t\t\t\t<\/rs-module>\n\t\t\t\t<script>\n\t\t\t\t\tsetREVStartSize({c: 'rev_slider_4_1',rl:[1240,1024,778,480],el:[900],gw:[1240],gh:[900],type:'hero',justify:'',layout:'fullwidth',mh:\"0\"});if (window.RS_MODULES!==undefined && window.RS_MODULES.modules!==undefined && window.RS_MODULES.modules[\"revslider41\"]!==undefined) {window.RS_MODULES.modules[\"revslider41\"].once = false;window.revapi4 = undefined;if (window.RS_MODULES.checkMinimal!==undefined) window.RS_MODULES.checkMinimal()}\n\t\t\t\t<\/script>\n\t\t\t<\/rs-module-wrap>\n\t\t\t<!-- END REVOLUTION SLIDER -->\n[\/vc_column][\/vc_row][vc_row css=&#8221;.vc_custom_1597067781573{margin-top: 70px !important;padding-right: 20px !important;padding-left: 20px !important;}&#8221;][vc_column width=&#8221;1\/4&#8243;][mvc_counter sec_style=&#8221;icon&#8221; icon_size=&#8221;45&#8243; image_width=&#8221;112&#8243; image_height=&#8221;112&#8243; icon_radius=&#8221;50%&#8221; icon_style=&#8221;2px solid #8bb63d&#8221; lineheight=&#8221;1.5&#8243; stat_numb=&#8221;850,000,000&#8243; count_icon=&#8221;fas fa-bong&#8221; icon_clr=&#8221;#cc551b&#8221; css2=&#8221;.vc_custom_1475866922840{border-top-width: 3px !important;border-right-width: 3px !important;border-bottom-width: 3px !important;border-left-width: 3px !important;padding-top: 25px !important;padding-right: 32px !important;padding-bottom: 25px !important;padding-left: 32px !important;border-left-color: #db325c !important;border-left-style: solid !important;border-right-color: #db325c !important;border-right-style: solid !important;border-top-color: #db325c !important;border-top-style: solid !important;border-bottom-color: #db325c !important;border-bottom-style: solid !important;border-radius: 80px !important;}&#8221; count_title=&#8221;litr\u00f3w oleju ro\u015blinnego konsumowanego rocznie w Hiszpanii&#8221; title_font=&#8221;500&#8243; title_clr=&#8221;#000000&#8243; stat_font=&#8221;500&#8243; stat_clr=&#8221;#000000&#8243; count_value=&#8221;&#8221; count_interv=&#8221;20&#8243; title_size=&#8221;18&#8243; stat_size=&#8221;25&#8243; count_decimal=&#8221;&#8221;][\/vc_column][vc_column width=&#8221;1\/4&#8243;][mvc_counter sec_style=&#8221;icon&#8221; icon_size=&#8221;45&#8243; image_width=&#8221;112&#8243; image_height=&#8221;112&#8243; icon_radius=&#8221;50%&#8221; icon_style=&#8221;2px solid #8bb63d&#8221; lineheight=&#8221;1.5&#8243; stat_numb=&#8221;120,000,000&#8243; count_icon=&#8221;fas fa-tint&#8221; icon_clr=&#8221;#cc551b&#8221; css2=&#8221;.vc_custom_1475866922840{border-top-width: 3px !important;border-right-width: 3px !important;border-bottom-width: 3px !important;border-left-width: 3px !important;padding-top: 25px !important;padding-right: 32px !important;padding-bottom: 25px !important;padding-left: 32px !important;border-left-color: #db325c !important;border-left-style: solid !important;border-right-color: #db325c !important;border-right-style: solid !important;border-top-color: #db325c !important;border-top-style: solid !important;border-bottom-color: #db325c !important;border-bottom-style: solid !important;border-radius: 80px !important;}&#8221; count_title=&#8221;litr\u00f3w oleju wylewanego rocznie do zlewu&#8221; title_font=&#8221;500&#8243; title_clr=&#8221;#000000&#8243; stat_font=&#8221;500&#8243; stat_clr=&#8221;#000000&#8243; count_value=&#8221;&#8221; count_interv=&#8221;20&#8243; title_size=&#8221;18&#8243; stat_size=&#8221;25&#8243; count_decimal=&#8221;&#8221;][\/vc_column][vc_column width=&#8221;1\/4&#8243;][mvc_counter sec_style=&#8221;icon&#8221; icon_size=&#8221;45&#8243; image_width=&#8221;112&#8243; image_height=&#8221;112&#8243; icon_radius=&#8221;50%&#8221; icon_style=&#8221;2px solid #8bb63d&#8221; lineheight=&#8221;1.5&#8243; stat_numb=&#8221;745,028,000&#8243; count_icon=&#8221;fas fa-euro-sign&#8221; icon_clr=&#8221;#cc551b&#8221; css2=&#8221;.vc_custom_1475866922840{border-top-width: 3px !important;border-right-width: 3px !important;border-bottom-width: 3px !important;border-left-width: 3px !important;padding-top: 25px !important;padding-right: 32px !important;padding-bottom: 25px !important;padding-left: 32px !important;border-left-color: #db325c !important;border-left-style: solid !important;border-right-color: #db325c !important;border-right-style: solid !important;border-top-color: #db325c !important;border-top-style: solid !important;border-bottom-color: #db325c !important;border-bottom-style: solid !important;border-radius: 80px !important;}&#8221; count_title=&#8221;euro wydanych przez Hiszpani\u0119 na oczyszczenie odpad\u00f3w olejowych&#8221; title_font=&#8221;500&#8243; title_clr=&#8221;#000000&#8243; stat_font=&#8221;500&#8243; stat_clr=&#8221;#000000&#8243; count_value=&#8221;&#8221; count_interv=&#8221;20&#8243; title_size=&#8221;18&#8243; stat_size=&#8221;25&#8243; count_decimal=&#8221;&#8221;][\/vc_column][vc_column width=&#8221;1\/4&#8243;][mvc_counter sec_style=&#8221;icon&#8221; icon_size=&#8221;45&#8243; image_width=&#8221;112&#8243; image_height=&#8221;112&#8243; icon_radius=&#8221;50%&#8221; icon_style=&#8221;2px solid #8bb63d&#8221; lineheight=&#8221;1.5&#8243; stat_numb=&#8221;4.62&#8243; count_icon=&#8221;fas fa-home&#8221; icon_clr=&#8221;#cc551b&#8221; css2=&#8221;.vc_custom_1475866922840{border-top-width: 3px !important;border-right-width: 3px !important;border-bottom-width: 3px !important;border-left-width: 3px !important;padding-top: 25px !important;padding-right: 32px !important;padding-bottom: 25px !important;padding-left: 32px !important;border-left-color: #db325c !important;border-left-style: solid !important;border-right-color: #db325c !important;border-right-style: solid !important;border-top-color: #db325c !important;border-top-style: solid !important;border-bottom-color: #db325c !important;border-bottom-style: solid !important;border-radius: 80px !important;}&#8221; count_title=&#8221;litr\u00f3w oleju zu\u017cytego rocznie przez ka\u017cde domostwo&#8221; title_font=&#8221;500&#8243; title_clr=&#8221;#000000&#8243; stat_font=&#8221;500&#8243; stat_clr=&#8221;#000000&#8243; count_value=&#8221;&#8221; count_interv=&#8221;20&#8243; title_size=&#8221;18&#8243; stat_size=&#8221;25&#8243; count_decimal=&#8221;&#8221;][\/vc_column][\/vc_row][vc_row content_placement=&#8221;top&#8221; css=&#8221;.vc_custom_1597155248831{padding-top: 6% !important;padding-right: 12% !important;padding-left: 12% !important;}&#8221;][vc_column width=&#8221;1\/2&#8243;][vc_column_text css_animation=&#8221;fadeInLeft&#8221;]Aktualnie nie istniej\u0105 \u017cadne regulacje miejskie ani instrumenty fiskalne, kt\u00f3re pomaga\u0142yby skutecznie hamowa\u0107 t\u0105 niechlubn\u0105 postaw\u0119 lokator\u00f3w mieszka\u00f1.<\/p>\n<p>Producenci i dystrybutorzy olej\u00f3w jadalnych promuj\u0105 i u\u0142atwiaj\u0105 szerok\u0105 sprzeda\u017c ale nie martwi\u0105 si\u0119 o skuteczne odzyskiwanie odpadu z tego produktu.<\/p>\n<p>Na przyk\u0142ad w supermarketach nie istniej\u0105 tzw. \u201cekologiczne wyspy\u201d z inicjatyw\u0105 sk\u0142adowania pojemnik\u00f3w ze zu\u017cytym olejem.<br \/>\nR\u00f3wnie\u017c nie s\u0105 prowadzone dla konsument\u00f3w \u017cadne kampanie u\u015bwiadamiaj\u0105ce i nag\u0142a\u015bniaj\u0105ce t\u0119 w\u0142a\u015bnie problematyk\u0119.<\/p>\n<p>Obecnie nie jest \u0142atwo te\u017c znale\u017a\u0107 kontenery na zu\u017cyty olej spo\u017cywczy w celu jego reutylizacji, ani r\u00f3wnie\u017c do\u015bwiadczy\u0107 akcji eko-edukacyjnych zwi\u0105zanych z problematyk\u0105 zanieczyszczenia wody przez ten w\u0142a\u015bnie gro\u017any odpad dla \u015brodowiska.[\/vc_column_text][\/vc_column][vc_column width=&#8221;1\/2&#8243;][vc_column_text css_animation=&#8221;fadeInRight&#8221;]Rafinerie paliw nie interesuj\u0105 si\u0119 mo\u017cliwo\u015bci\u0105 odzyskania zu\u017cytego oleju domowego jako surowca do produkcji biopaliwa. To wa\u017cne przedsi\u0119wzi\u0119cie mog\u0142oby si\u0119 przyczyni\u0107 do osi\u0105gniecia strategii proekologicznej poprzez wykorzystanie odnawialnych \u017ar\u00f3de\u0142 energii.<\/p>\n<p>Dzi\u0119ki nowym sta\u0142ym punktom np. na stacjach benzynowych, w supermarketach i altankach \u015bmietnikowych, kt\u00f3re przeznaczone by\u0142yby do zbi\u00f3rki zu\u017cytego oleju, mogliby\u015bmy podda\u0107 recyklingowi r\u00f3wnie\u017c nasze pojemniki z olejem zebranym w domu \u2013 b\u0119dzie to aktywne, solidarne i odpowiedzialne dzia\u0142anie w celu odzyskania tego tak istotnego surowca wt\u00f3rnego.[\/vc_column_text][\/vc_column][\/vc_row][vc_row content_placement=&#8221;top&#8221; css=&#8221;.vc_custom_1597325153759{padding-top: 6% !important;padding-right: 12% !important;padding-left: 12% !important;}&#8221;][vc_column width=&#8221;1\/2&#8243;][vc_column_text css_animation=&#8221;fadeInLeft&#8221;]\n<h1>Miejsca na sk\u0142adowanie zu\u017cytego oleju (przyk\u0142ad Hiszpania)<\/h1>\n[\/vc_column_text][vc_separator color=&#8221;green&#8221; border_width=&#8221;3&#8243; el_width=&#8221;40&#8243; css_animation=&#8221;fadeInLeft&#8221; css=&#8221;&#8221;][vc_column_text css_animation=&#8221;fadeInLeft&#8221;]<a href=\"https:\/\/datos.madrid.es\/portal\/site\/egob\/menuitem.c05c1f754a33a9fbe4b2e4b284f1a5a0\/?vgnextoid=11a0c4d8d2cd1610VgnVCM2000001f4a900aRCRD&amp;vgnextchannel=374512b9ace9f310VgnVCM100000171f5a0aRCRD&amp;vgnextfmt=default\" target=\"_blank\" rel=\"noopener noreferrer\">Madrid<\/a><\/p>\n<p><a href=\"https:\/\/ajuntament.barcelona.cat\/ecologiaurbana\/es\/servicios\/la-ciudad-funciona\/mantenimiento-del-espacio-publico\/gestion-de-limpieza-y-residuos\/red-de-puntos-verdes\" target=\"_blank\" rel=\"noopener noreferrer\">Barcelona<\/a><\/p>\n<p><a href=\"https:\/\/www.valencia.es\/documents\/20142\/13232227\/PLANO_ACEITE_hoja+1+2021%28a4%29%282021-05-25%29.pdf\/b9853279-1754-7ff7-ec51-0298c5c6c05b?t=1622544325789\" target=\"_blank\" rel=\"noopener noreferrer\">Valencia<\/a><\/p>\n<p><a href=\"https:\/\/www.lipasam.es\/la-empresa\/servicios\/recogida-de-residuos\/20190502_listado_ubicaciones_aceite.pdf\" target=\"_blank\" rel=\"noopener noreferrer\">Sevilla<\/a><\/p>\n<p><a href=\"https:\/\/www.zaragoza.es\/sede\/servicio\/equipamiento\/category\/1800\" target=\"_blank\" rel=\"noopener noreferrer\">Zaragoza<\/a><\/p>\n<p><a href=\"https:\/\/www.google.com\/maps\/d\/u\/0\/viewer?hl=es&amp;ie=UTF8&amp;t=h&amp;msa=0&amp;ll=36.60670900000003%2C-4.750214000000003&amp;spn=0.772779%2C1.235962&amp;z=10&amp;mid=161oBII4SEhwbGy-qCgVheM-KtBc\" target=\"_blank\" rel=\"noopener noreferrer\">M\u00e1laga<\/a>[\/vc_column_text][\/vc_column][vc_column width=&#8221;1\/2&#8243;][vc_column_text css_animation=&#8221;fadeInRight&#8221;]\n<h1><span style=\"font-weight: 400;\">Rury zapchane odpadami t\u0142uszczowymi<\/span><\/h1>\n[\/vc_column_text][vc_separator color=&#8221;green&#8221; border_width=&#8221;3&#8243; el_width=&#8221;40&#8243; css_animation=&#8221;fadeInRight&#8221; css=&#8221;&#8221;][vc_gallery interval=&#8221;3&#8243; images=&#8221;470,469,468,465&#8243; img_size=&#8221;full&#8221;][\/vc_column][\/vc_row][vc_row css=&#8221;.vc_custom_1597155190963{padding-top: 6% !important;padding-bottom: 6% !important;background-color: #eaeaea !important;}&#8221;][vc_column][vc_column_text css_animation=&#8221;fadeInUp&#8221;]\n<blockquote>\n<h1 style=\"text-align: center;\">Zanieczyszczenie wody i \u017ar\u00f3de\u0142 wodnych stanowi coraz wi\u0119kszy problem.<br \/>\nWszyscy mamy mo\u017cliwo\u015b\u0107 aby zmieni\u0107 t\u0105 rzeczywisto\u015b\u0107 lecz musimy dzia\u0142a\u0107 razem i teraz!!!<\/h1>\n<\/blockquote>\n[\/vc_column_text][\/vc_column][\/vc_row]\n<\/div>","protected":false},"excerpt":{"rendered":"[vc_row content_placement=&#8221;middle&#8221; css=&#8221;.vc_custom_1597227717873{padding-top: 3% !important;padding-right: 12% !important;padding-left: 12% !important;}&#8221;][vc_column width=&#8221;1\/2&#8243;][vc_column_text css_animation=&#8221;fadeInLeft&#8221;] Dwie trzecie zu\u017cytego oleju niestety l\u0105duje w zlewie a tym samym sp\u0142ywa bezpo\u015brednio do sieci kanalizacyjnej. [\/vc_column_text][vc_separator color=&#8221;green&#8221; border_width=&#8221;3&#8243; el_width=&#8221;40&#8243; css_animation=&#8221;fadeInLeft&#8221; css=&#8221;&#8221;][vc_column_text css_animation=&#8221;fadeInLeft&#8221;]W Hiszpanii konsumuje si\u0119 ponad 850 milion\u00f3w litr\u00f3w oleju ro\u015blinnego, czyli wed\u0142ug kalkulacji ka\u017cde domostwo generuje oko\u0142o 7 litr\u00f3w tego odpadu na [&#8230;]\n","protected":false},"author":7,"featured_media":0,"parent":0,"menu_order":0,"comment_status":"closed","ping_status":"closed","template":"page-blank.php","meta":{"footnotes":""},"class_list":["post-464","page","type-page","status-publish","hentry"],"_links":{"self":[{"href":"https:\/\/embudek.com\/pl\/wp-json\/wp\/v2\/pages\/464"}],"collection":[{"href":"https:\/\/embudek.com\/pl\/wp-json\/wp\/v2\/pages"}],"about":[{"href":"https:\/\/embudek.com\/pl\/wp-json\/wp\/v2\/types\/page"}],"author":[{"embeddable":true,"href":"https:\/\/embudek.com\/pl\/wp-json\/wp\/v2\/users\/7"}],"replies":[{"embeddable":true,"href":"https:\/\/embudek.com\/pl\/wp-json\/wp\/v2\/comments?post=464"}],"version-history":[{"count":1,"href":"https:\/\/embudek.com\/pl\/wp-json\/wp\/v2\/pages\/464\/revisions"}],"predecessor-version":[{"id":813,"href":"https:\/\/embudek.com\/pl\/wp-json\/wp\/v2\/pages\/464\/revisions\/813"}],"wp:attachment":[{"href":"https:\/\/embudek.com\/pl\/wp-json\/wp\/v2\/media?parent=464"}],"curies":[{"name":"wp","href":"https:\/\/api.w.org\/{rel}","templated":true}]}}