{"id":490,"date":"2020-08-10T10:38:16","date_gmt":"2020-08-10T10:38:16","guid":{"rendered":"https:\/\/embudek.com\/sabias-que\/"},"modified":"2021-11-03T09:59:30","modified_gmt":"2021-11-03T09:59:30","slug":"ciekawostki","status":"publish","type":"page","link":"https:\/\/embudek.com\/pl\/ciekawostki\/","title":{"rendered":"Ciekawostki"},"content":{"rendered":"<div class=\"wpb-content-wrapper\">[vc_row content_placement=&#8221;middle&#8221; css=&#8221;.vc_custom_1635933556267{padding-top: 3% !important;padding-right: 12% !important;padding-bottom: 20px !important;padding-left: 12% !important;}&#8221;][vc_column css_animation=&#8221;fadeIn&#8221; width=&#8221;1\/2&#8243;][info_list_father listwidth=&#8221;3&#8243; body_bg=&#8221;#ffffff&#8221; listclr=&#8221;#8bb63c&#8221;][info_list_son style=&#8221;icon&#8221; width=&#8221;50&#8243; height=&#8221;50&#8243; titlesize=&#8221;14&#8243; titleclr=&#8221;#000000&#8243; liststyle=&#8221;dashed&#8221; descsize=&#8221;13&#8243; descclr=&#8221;#000000&#8243; icon=&#8221;fas fa-oil-can&#8221; iconclr=&#8221;#ffffff&#8221; iconbg=&#8221;#ff5800&#8243; borderclr=&#8221;#d65500&#8243; listclr=&#8221;#000000&#8243; title=&#8221;\u20261 litr oleju zanieczyszcza a\u017c 1000 litr\u00f3w wody&#8221; desc=&#8221;Pellentesque in ipsum id orci porta dapibus. Praesent sapien massa, convallis a pellentesque nec, egestas non nisi.&#8221;][\/info_list_son][info_list_son style=&#8221;icon&#8221; width=&#8221;50&#8243; height=&#8221;50&#8243; titlesize=&#8221;14&#8243; titleclr=&#8221;#000000&#8243; liststyle=&#8221;dashed&#8221; descsize=&#8221;13&#8243; descclr=&#8221;#000000&#8243; icon=&#8221;fas fa-bug&#8221; iconclr=&#8221;#ffffff&#8221; iconbg=&#8221;#ff5800&#8243; borderclr=&#8221;#d65500&#8243; listclr=&#8221;#000000&#8243; title=&#8221;&#8230;olej w sieci kanalizacyjnej jest idealn\u0105 po\u017cywk\u0105 i \u015brodowiskiem dla szczur\u00f3w, karaluch\u00f3w i drobnoustroj\u00f3w&#8221; desc=&#8221;Pellentesque in ipsum id orci porta dapibus. Praesent sapien massa, convallis a pellentesque nec, egestas non nisi.&#8221;][\/info_list_son][info_list_son style=&#8221;icon&#8221; width=&#8221;50&#8243; height=&#8221;50&#8243; titlesize=&#8221;14&#8243; titleclr=&#8221;#000000&#8243; liststyle=&#8221;dashed&#8221; descsize=&#8221;13&#8243; descclr=&#8221;#000000&#8243; icon=&#8221;far fa-map&#8221; iconclr=&#8221;#ffffff&#8221; iconbg=&#8221;#ff5800&#8243; borderclr=&#8221;#d65500&#8243; listclr=&#8221;#000000&#8243; title=&#8221;\u2026u\u017cywaj\u0105c papieru do zebrania oleju z patelni mo\u017cesz zaoszcz\u0119dzi\u0107 a\u017c 2 litry czystej wody&#8221; desc=&#8221;Pellentesque in ipsum id orci porta dapibus. Praesent sapien massa, convallis a pellentesque nec, egestas non nisi.&#8221;][\/info_list_son][info_list_son style=&#8221;icon&#8221; width=&#8221;50&#8243; height=&#8221;50&#8243; titlesize=&#8221;14&#8243; titleclr=&#8221;#000000&#8243; liststyle=&#8221;dashed&#8221; descsize=&#8221;13&#8243; descclr=&#8221;#000000&#8243; icon=&#8221;fas fa-mortar-pestle&#8221; iconclr=&#8221;#ffffff&#8221; iconbg=&#8221;#ff5800&#8243; borderclr=&#8221;#d65500&#8243; listclr=&#8221;#000000&#8243; title=&#8221;\u2026olej i woda nigdy si\u0119 nie mieszaj\u0105 razem! Co si\u0119 rozpuszcza w wodzie nie rozpuszcza si\u0119 w oleju i co si\u0119 rozpuszcza w oleju nigdy nie rozpuszcza si\u0119 w wodzie&#8221; desc=&#8221;Pellentesque in ipsum id orci porta dapibus. Praesent sapien massa, convallis a pellentesque nec, egestas non nisi.&#8221;][\/info_list_son][info_list_son style=&#8221;icon&#8221; width=&#8221;50&#8243; height=&#8221;50&#8243; titlesize=&#8221;14&#8243; titleclr=&#8221;#000000&#8243; liststyle=&#8221;dashed&#8221; descsize=&#8221;13&#8243; descclr=&#8221;#000000&#8243; icon=&#8221;fas fa-utensil-spoon&#8221; iconclr=&#8221;#ffffff&#8221; iconbg=&#8221;#ff5800&#8243; borderclr=&#8221;#d65500&#8243; listclr=&#8221;#000000&#8243; title=&#8221;\u2026jedna sto\u0142owa \u0142y\u017cka oleju zanieczyszcza 25 litr\u00f3w wody&#8221; desc=&#8221;Pellentesque in ipsum id orci porta dapibus. Praesent sapien massa, convallis a pellentesque nec, egestas non nisi.&#8221;][\/info_list_son][info_list_son style=&#8221;icon&#8221; width=&#8221;50&#8243; height=&#8221;50&#8243; titlesize=&#8221;14&#8243; titleclr=&#8221;#000000&#8243; liststyle=&#8221;dashed&#8221; descsize=&#8221;13&#8243; descclr=&#8221;#000000&#8243; icon=&#8221;fas fa-euro-sign&#8221; iconclr=&#8221;#ffffff&#8221; iconbg=&#8221;#ff5800&#8243; borderclr=&#8221;#d65500&#8243; listclr=&#8221;#000000&#8243; title=&#8221;\u2026oczyszczenie 1 litra zu\u017cytego oleju w oczyszczalni miejskiej jest 700 razy dro\u017csze ni\u017c oczyszczenie 1 litra \u015bciek\u00f3w miejskich&#8221; desc=&#8221;Pellentesque in ipsum id orci porta dapibus. Praesent sapien massa, convallis a pellentesque nec, egestas non nisi.&#8221;][\/info_list_son][info_list_son style=&#8221;icon&#8221; width=&#8221;50&#8243; height=&#8221;50&#8243; titlesize=&#8221;14&#8243; titleclr=&#8221;#000000&#8243; liststyle=&#8221;dashed&#8221; descsize=&#8221;13&#8243; descclr=&#8221;#000000&#8243; icon=&#8221;fas fa-tint&#8221; iconclr=&#8221;#ffffff&#8221; iconbg=&#8221;#ff5800&#8243; borderclr=&#8221;#d65500&#8243; listclr=&#8221;#000000&#8243; title=&#8221;\u2026najwi\u0119kszymi konsumentami oliwy (na mieszka\u0144ca) s\u0105: Grecy, z rocznym zu\u017cyciem oko\u0142o 16 litr\u00f3w na osob\u0119. Drugie miejsce zajmuj\u0105 Hiszpanie i W\u0142osi z oko\u0142o 10 litrami i trzecie miejsce przypada na Portugalczyk\u00f3w z oko\u0142o 7 litrami oleju na g\u0142ow\u0119 rocznie&#8221; desc=&#8221;Pellentesque in ipsum id orci porta dapibus. Praesent sapien massa, convallis a pellentesque nec, egestas non nisi.&#8221;][\/info_list_son][info_list_son style=&#8221;icon&#8221; width=&#8221;50&#8243; height=&#8221;50&#8243; titlesize=&#8221;14&#8243; titleclr=&#8221;#000000&#8243; liststyle=&#8221;dashed&#8221; descsize=&#8221;13&#8243; descclr=&#8221;#000000&#8243; icon=&#8221;far fa-clock&#8221; iconclr=&#8221;#ffffff&#8221; iconbg=&#8221;#ff5800&#8243; borderclr=&#8221;#d65500&#8243; listclr=&#8221;#000000&#8243; title=&#8221;&#8230;zlewanie zu\u017cytego oleju do zlewu ma policzone dni. Nowe przepisy Projektu Ustawy o odpadach i zanieczyszczonych glebach wprowadzaj\u0105 w Hiszpanii obowi\u0105zek odbioru zu\u017cytego oleju spo\u017cywczego z gospodarstw domowych od dnia 31 grudnia 2024 r.&#8221; desc=&#8221;Pellentesque in ipsum id orci porta dapibus. Praesent sapien massa, convallis a pellentesque nec, egestas non nisi.&#8221;][\/info_list_son][info_list_son style=&#8221;icon&#8221; width=&#8221;50&#8243; height=&#8221;50&#8243; titlesize=&#8221;14&#8243; titleclr=&#8221;#000000&#8243; liststyle=&#8221;dashed&#8221; descsize=&#8221;13&#8243; descclr=&#8221;#000000&#8243; icon=&#8221;fas fa-plane&#8221; iconclr=&#8221;#ffffff&#8221; iconbg=&#8221;#ff5800&#8243; borderclr=&#8221;#d65500&#8243; listclr=&#8221;#000000&#8243; title=&#8221;..Chi\u0144skie linie lotnicze Hainan Airlines z powodzeniem przeprowadzi\u0142y pierwszy planowy lot Boeinga 737, wykorzystuj\u0105c jako paliwo zu\u017cyty olej spo\u017cywczy. Stwierdzono, \u017ce loty na zu\u017cytym oleju z recyklingu emituj\u0105 od 50 do 80 procent mniej dwutlenku w\u0119gla ni\u017c loty na paliwie kopalnym, wi\u0119c ta opcja gospodarki w obiegu zamkni\u0119tym dla transportu lotniczego mo\u017ce pom\u00f3c w zmniejszeniu globalnych emisji gaz\u00f3w cieplarnianych.&#8221; desc=&#8221;Pellentesque in ipsum id orci porta dapibus. Praesent sapien massa, convallis a pellentesque nec, egestas non nisi.&#8221;][\/info_list_son][info_list_son style=&#8221;icon&#8221; width=&#8221;50&#8243; height=&#8221;50&#8243; titlesize=&#8221;14&#8243; titleclr=&#8221;#000000&#8243; liststyle=&#8221;dashed&#8221; descsize=&#8221;13&#8243; descclr=&#8221;#000000&#8243; icon=&#8221;fas fa-plane-departure&#8221; iconclr=&#8221;#ffffff&#8221; iconbg=&#8221;#ff5800&#8243; borderclr=&#8221;#d65500&#8243; listclr=&#8221;#000000&#8243; title=&#8221;&#8230;Air France polecia\u0142 z Pary\u017ca do Montrealu na oleju spo\u017cywczym&#8221; desc=&#8221;Pellentesque in ipsum id orci porta dapibus. Praesent sapien massa, convallis a pellentesque nec, egestas non nisi.&#8221;][\/info_list_son][\/info_list_father][\/vc_column][vc_column width=&#8221;1\/2&#8243;][vc_single_image image=&#8221;494&#8243; img_size=&#8221;300&#215;300&#8243; alignment=&#8221;center&#8221; css_animation=&#8221;fadeInRight&#8221;][vc_column_text css_animation=&#8221;fadeInRight&#8221;]\n\r\n        <div class='html5_video_players' style=\"width:px;\" data-nonce=\"fc15c2fd3b\" data-attributes=\"{&quot;additionalID&quot;:&quot;&quot;,&quot;options&quot;:{&quot;controls&quot;:[&quot;play&quot;],&quot;tooltips&quot;:{&quot;controls&quot;:true,&quot;seek&quot;:true},&quot;seekTime&quot;:10,&quot;loop&quot;:{&quot;active&quot;:true},&quot;autoplay&quot;:true,&quot;muted&quot;:true,&quot;hideControls&quot;:true,&quot;resetOnEnd&quot;:true,&quot;captions&quot;:{&quot;active&quot;:false,&quot;update&quot;:false,&quot;language&quot;:&quot;auto&quot;},&quot;ratio&quot;:null,&quot;speed&quot;:{&quot;selected&quot;:1,&quot;options&quot;:[0.5,0.75,1,1.25,1.75]},&quot;storage&quot;:{&quot;enabled&quot;:true},&quot;urls&quot;:{&quot;enabled&quot;:false,&quot;download&quot;:null},&quot;markers&quot;:{&quot;enabled&quot;:true,&quot;points&quot;:[]},&quot;ads&quot;:{&quot;enabled&quot;:false,&quot;tagUrl&quot;:false},&quot;preload&quot;:&quot;metadata&quot;},&quot;features&quot;:{&quot;overlay&quot;:{&quot;enabled&quot;:false,&quot;items&quot;:[{&quot;color&quot;:&quot;&quot;,&quot;hoverColor&quot;:&quot;&quot;,&quot;fontSize&quot;:&quot;17px&quot;,&quot;link&quot;:&quot;&quot;,&quot;logo&quot;:&quot;&quot;,&quot;position&quot;:false,&quot;text&quot;:&quot;&quot;,&quot;type&quot;:&quot;logo&quot;,&quot;backgroundColor&quot;:false,&quot;opacity&quot;:false}]},&quot;sticky&quot;:{&quot;enabled&quot;:false,&quot;position&quot;:&quot;top_right&quot;},&quot;chapters&quot;:[],&quot;watermark&quot;:{&quot;enabled&quot;:false},&quot;thumbInPause&quot;:{&quot;enabled&quot;:false,&quot;type&quot;:&quot;default&quot;},&quot;endScreen&quot;:{&quot;enabled&quot;:false,&quot;text&quot;:false,&quot;btnText&quot;:false,&quot;btnLink&quot;:false},&quot;popup&quot;:{&quot;enabled&quot;:false,&quot;selector&quot;:&quot;&quot;,&quot;hasBtn&quot;:false,&quot;type&quot;:&quot;poster&quot;,&quot;btnText&quot;:&quot;Watch Video&quot;,&quot;btnStyle&quot;:[]},&quot;hideYoutubeUI&quot;:false,&quot;hideLoadingPlaceholder&quot;:false,&quot;passwordProtected&quot;:{&quot;enabled&quot;:false,&quot;key&quot;:&quot;propagans_685&quot;,&quot;heading&quot;:&quot;It&#039;s a Password Protected Video. Do You Have any Password?&quot;},&quot;playWhenVisible&quot;:false},&quot;propagans&quot;:&quot;&quot;,&quot;customDownloadURL&quot;:false,&quot;captionEnabled&quot;:false,&quot;disableDownload&quot;:false,&quot;disablePause&quot;:false,&quot;startTime&quot;:0,&quot;autoplayWhenVisible&quot;:false,&quot;saveState&quot;:false,&quot;protected&quot;:false,&quot;captions&quot;:[],&quot;qualities&quot;:[],&quot;source&quot;:&quot;https:\\\/\\\/embudek.com\\\/wp-content\\\/uploads\\\/2021\\\/10\\\/Embudek_wylewanie-oleju-do-zlewu.mp4&quot;,&quot;poster&quot;:&quot;https:\\\/\\\/embudek.com\\\/wp-content\\\/uploads\\\/2024\\\/09\\\/Captura-de-pantalla-2024-09-19-a-las-11.56.01.png&quot;,&quot;hideYoutubeUI&quot;:false,&quot;branding&quot;:{&quot;enabled&quot;:false,&quot;color&quot;:&quot;#fff&quot;},&quot;styles&quot;:{&quot;plyr--video&quot;:{&quot;--plyr-color-main&quot;:&quot;#1ABAFF&quot;},&quot;plyr_wrapper&quot;:{&quot;width&quot;:&quot;px&quot;}},&quot;uniqueId&quot;:&quot;h5vp69fa35bb6686e&quot;,&quot;data&quot;:[]}\">\r\n            <div class=\"preload_poster\" style=\"background: url(https:\/\/embudek.com\/wp-content\/uploads\/2024\/09\/Captura-de-pantalla-2024-09-19-a-las-11.56.01.png);background-position: 50% 50%;overflow:hidden;aspect-ratio:\">\r\n                <svg width=\"36px\" height=\"36px\" viewBox=\"0 0 15 15\" fill=\"none\" xmlns=\"http:\/\/www.w3.org\/2000\/svg\">\r\n                    <path d=\"M4.79062 2.09314C4.63821 1.98427 4.43774 1.96972 4.27121 2.05542C4.10467 2.14112 4 2.31271 4 2.5V12.5C4 12.6873 4.10467 12.8589 4.27121 12.9446C4.43774 13.0303 4.63821 13.0157 4.79062 12.9069L11.7906 7.90687C11.922 7.81301 12 7.66148 12 7.5C12 7.33853 11.922 7.18699 11.7906 7.09314L4.79062 2.09314Z\" fill=\"#fff\"\/>\r\n                <\/svg>\r\n            <\/div>\r\n        <\/div>\r\n        \n[\/vc_column_text][\/vc_column][\/vc_row][vc_row css=&#8221;.vc_custom_1635249394033{padding-top: 6% !important;padding-right: 12% !important;padding-left: 12% !important;}&#8221;][vc_column][vc_column_text css_animation=&#8221;none&#8221;]\n\r\n        <div class='html5_video_players' style=\"width:px;\" data-nonce=\"fc15c2fd3b\" data-attributes=\"{&quot;additionalID&quot;:&quot;&quot;,&quot;options&quot;:{&quot;controls&quot;:[&quot;play&quot;],&quot;tooltips&quot;:{&quot;controls&quot;:true,&quot;seek&quot;:true},&quot;seekTime&quot;:10,&quot;loop&quot;:{&quot;active&quot;:true},&quot;autoplay&quot;:true,&quot;muted&quot;:false,&quot;hideControls&quot;:true,&quot;resetOnEnd&quot;:true,&quot;captions&quot;:{&quot;active&quot;:false,&quot;update&quot;:false,&quot;language&quot;:&quot;auto&quot;},&quot;ratio&quot;:null,&quot;speed&quot;:{&quot;selected&quot;:1,&quot;options&quot;:[0.5,0.75,1,1.25,1.75]},&quot;storage&quot;:{&quot;enabled&quot;:true},&quot;urls&quot;:{&quot;enabled&quot;:false,&quot;download&quot;:null},&quot;markers&quot;:{&quot;enabled&quot;:true,&quot;points&quot;:[]},&quot;ads&quot;:{&quot;enabled&quot;:false,&quot;tagUrl&quot;:false},&quot;preload&quot;:&quot;metadata&quot;},&quot;features&quot;:{&quot;overlay&quot;:{&quot;enabled&quot;:false,&quot;items&quot;:[{&quot;color&quot;:&quot;&quot;,&quot;hoverColor&quot;:&quot;&quot;,&quot;fontSize&quot;:&quot;17px&quot;,&quot;link&quot;:&quot;&quot;,&quot;logo&quot;:&quot;&quot;,&quot;position&quot;:false,&quot;text&quot;:&quot;&quot;,&quot;type&quot;:&quot;logo&quot;,&quot;backgroundColor&quot;:false,&quot;opacity&quot;:false}]},&quot;sticky&quot;:{&quot;enabled&quot;:false,&quot;position&quot;:&quot;top_right&quot;},&quot;chapters&quot;:[],&quot;watermark&quot;:{&quot;enabled&quot;:false},&quot;thumbInPause&quot;:{&quot;enabled&quot;:false,&quot;type&quot;:&quot;default&quot;},&quot;endScreen&quot;:{&quot;enabled&quot;:false,&quot;text&quot;:false,&quot;btnText&quot;:false,&quot;btnLink&quot;:false},&quot;popup&quot;:{&quot;enabled&quot;:false,&quot;selector&quot;:&quot;&quot;,&quot;hasBtn&quot;:false,&quot;type&quot;:&quot;poster&quot;,&quot;btnText&quot;:&quot;Watch Video&quot;,&quot;btnStyle&quot;:[]},&quot;hideYoutubeUI&quot;:false,&quot;hideLoadingPlaceholder&quot;:false,&quot;passwordProtected&quot;:{&quot;enabled&quot;:false,&quot;key&quot;:&quot;propagans_279&quot;,&quot;heading&quot;:&quot;It&#039;s a Password Protected Video. Do You Have any Password?&quot;},&quot;playWhenVisible&quot;:false},&quot;propagans&quot;:&quot;&quot;,&quot;customDownloadURL&quot;:false,&quot;captionEnabled&quot;:false,&quot;disableDownload&quot;:false,&quot;disablePause&quot;:false,&quot;startTime&quot;:0,&quot;autoplayWhenVisible&quot;:false,&quot;saveState&quot;:false,&quot;protected&quot;:false,&quot;captions&quot;:[],&quot;qualities&quot;:[],&quot;source&quot;:&quot;https:\\\/\\\/embudek.com\\\/wp-content\\\/uploads\\\/2020\\\/08\\\/EMBUDEK_cuchara-de-aceite_contamina-25-litros-de-agua-1.mp4&quot;,&quot;poster&quot;:&quot;https:\\\/\\\/embudek.com\\\/wp-content\\\/uploads\\\/2024\\\/09\\\/Captura-de-pantalla-2024-09-19-a-las-11.51.28.png&quot;,&quot;hideYoutubeUI&quot;:false,&quot;branding&quot;:{&quot;enabled&quot;:false,&quot;color&quot;:&quot;#fff&quot;},&quot;styles&quot;:{&quot;plyr--video&quot;:{&quot;--plyr-color-main&quot;:&quot;#1ABAFF&quot;},&quot;plyr_wrapper&quot;:{&quot;width&quot;:&quot;px&quot;}},&quot;uniqueId&quot;:&quot;h5vp69fa35bb66bd9&quot;,&quot;data&quot;:[]}\">\r\n            <div class=\"preload_poster\" style=\"background: url(https:\/\/embudek.com\/wp-content\/uploads\/2024\/09\/Captura-de-pantalla-2024-09-19-a-las-11.51.28.png);background-position: 50% 50%;overflow:hidden;aspect-ratio:\">\r\n                <svg width=\"36px\" height=\"36px\" viewBox=\"0 0 15 15\" fill=\"none\" xmlns=\"http:\/\/www.w3.org\/2000\/svg\">\r\n                    <path d=\"M4.79062 2.09314C4.63821 1.98427 4.43774 1.96972 4.27121 2.05542C4.10467 2.14112 4 2.31271 4 2.5V12.5C4 12.6873 4.10467 12.8589 4.27121 12.9446C4.43774 13.0303 4.63821 13.0157 4.79062 12.9069L11.7906 7.90687C11.922 7.81301 12 7.66148 12 7.5C12 7.33853 11.922 7.18699 11.7906 7.09314L4.79062 2.09314Z\" fill=\"#fff\"\/>\r\n                <\/svg>\r\n            <\/div>\r\n        <\/div>\r\n        \n[\/vc_column_text][\/vc_column][\/vc_row][vc_row content_placement=&#8221;middle&#8221; css=&#8221;.vc_custom_1597228153222{padding-right: 12px !important;padding-left: 12% !important;background-color: #f7f7f7 !important;}&#8221;][vc_column width=&#8221;1\/2&#8243;][vc_column_text css_animation=&#8221;fadeInLeft&#8221; css=&#8221;.vc_custom_1634636086396{padding-right: 12% !important;padding-left: 12% !important;}&#8221;]UE ukara\u0142a Hiszpani\u0119 w 2020 roku za niedok\u0142adne oczyszczanie \u015bciek\u00f3w komunalnych, a kara wynosi ponad 32,7 milion\u00f3w euro i jest to najwi\u0119ksza kara w historii Unii Europejskiej.[\/vc_column_text][\/vc_column][vc_column width=&#8221;1\/2&#8243;][vc_single_image image=&#8221;491&#8243; img_size=&#8221;medium&#8221; onclick=&#8221;custom_link&#8221; img_link_target=&#8221;_blank&#8221; css_animation=&#8221;fadeInRight&#8221; link=&#8221;https:\/\/www.20minutos.es\/noticia\/4152469\/0\/espana-mayor-multa-millonaria-historia-ue-falta-depuradoras\/#:~:text=falta%20de%20depuradoras-,Espa%C3%B1a%20tendr%C3%A1%20que%20pagar%20la%20mayor%20multa%20de%20su%20historia,por%20la%20falta%20de%20depuradoras&amp;text=El%20montante%20asciende%20a%2032,depuraci%C3%B3n%20de%20sus%20aguas%20residuales.&#8221;][\/vc_column][\/vc_row]\n<\/div>","protected":false},"excerpt":{"rendered":"[vc_row content_placement=&#8221;middle&#8221; css=&#8221;.vc_custom_1635933556267{padding-top: 3% !important;padding-right: 12% !important;padding-bottom: 20px !important;padding-left: 12% !important;}&#8221;][vc_column css_animation=&#8221;fadeIn&#8221; width=&#8221;1\/2&#8243;][info_list_father listwidth=&#8221;3&#8243; body_bg=&#8221;#ffffff&#8221; listclr=&#8221;#8bb63c&#8221;][info_list_son style=&#8221;icon&#8221; width=&#8221;50&#8243; height=&#8221;50&#8243; titlesize=&#8221;14&#8243; titleclr=&#8221;#000000&#8243; liststyle=&#8221;dashed&#8221; descsize=&#8221;13&#8243; descclr=&#8221;#000000&#8243; icon=&#8221;fas fa-oil-can&#8221; iconclr=&#8221;#ffffff&#8221; iconbg=&#8221;#ff5800&#8243; borderclr=&#8221;#d65500&#8243; listclr=&#8221;#000000&#8243; title=&#8221;\u20261 litr oleju zanieczyszcza a\u017c 1000 litr\u00f3w wody&#8221; desc=&#8221;Pellentesque in ipsum id orci porta dapibus. Praesent sapien massa, convallis a pellentesque nec, egestas non nisi.&#8221;][\/info_list_son][info_list_son [&#8230;]\n","protected":false},"author":7,"featured_media":0,"parent":0,"menu_order":0,"comment_status":"closed","ping_status":"closed","template":"page-blank.php","meta":{"footnotes":""},"class_list":["post-490","page","type-page","status-publish","hentry"],"_links":{"self":[{"href":"https:\/\/embudek.com\/pl\/wp-json\/wp\/v2\/pages\/490"}],"collection":[{"href":"https:\/\/embudek.com\/pl\/wp-json\/wp\/v2\/pages"}],"about":[{"href":"https:\/\/embudek.com\/pl\/wp-json\/wp\/v2\/types\/page"}],"author":[{"embeddable":true,"href":"https:\/\/embudek.com\/pl\/wp-json\/wp\/v2\/users\/7"}],"replies":[{"embeddable":true,"href":"https:\/\/embudek.com\/pl\/wp-json\/wp\/v2\/comments?post=490"}],"version-history":[{"count":0,"href":"https:\/\/embudek.com\/pl\/wp-json\/wp\/v2\/pages\/490\/revisions"}],"wp:attachment":[{"href":"https:\/\/embudek.com\/pl\/wp-json\/wp\/v2\/media?parent=490"}],"curies":[{"name":"wp","href":"https:\/\/api.w.org\/{rel}","templated":true}]}}